{"id":3090,"date":"2023-11-23T10:29:44","date_gmt":"2023-11-23T10:29:44","guid":{"rendered":"https:\/\/vistarica.internal.in.rs\/external-cooperation\/"},"modified":"2025-10-07T10:04:26","modified_gmt":"2025-10-07T10:04:26","slug":"external-cooperation","status":"publish","type":"page","link":"https:\/\/vistarica.internal.in.rs\/en\/external-cooperation\/","title":{"rendered":"External cooperation"},"content":{"rendered":"\t\t<div data-elementor-type=\"wp-page\" data-elementor-id=\"3090\" class=\"elementor elementor-3090 elementor-191\" data-elementor-post-type=\"page\">\n\t\t\t\t\t\t<section class=\"elementor-section elementor-top-section elementor-element elementor-element-5428da1a elementor-section-boxed elementor-section-height-default elementor-section-height-default\" data-id=\"5428da1a\" data-element_type=\"section\" data-e-type=\"section\" data-settings=\"{&quot;background_background&quot;:&quot;classic&quot;}\">\n\t\t\t\t\t\t\t<div class=\"elementor-background-overlay\"><\/div>\n\t\t\t\t\t\t\t<div class=\"elementor-container elementor-column-gap-no\">\n\t\t\t\t\t<div class=\"elementor-column elementor-col-100 elementor-top-column elementor-element elementor-element-6f58600e\" data-id=\"6f58600e\" data-element_type=\"column\" data-e-type=\"column\">\n\t\t\t<div class=\"elementor-widget-wrap elementor-element-populated\">\n\t\t\t\t\t\t<div class=\"elementor-element elementor-element-01eeccf elementor-widget elementor-widget-elementskit-heading\" data-id=\"01eeccf\" data-element_type=\"widget\" data-e-type=\"widget\" data-widget_type=\"elementskit-heading.default\">\n\t\t\t\t<div class=\"elementor-widget-container\">\n\t\t\t\t\t<div class=\"ekit-wid-con\" ><div class=\"ekit-heading elementskit-section-title-wraper text_center   ekit_heading_tablet-   ekit_heading_mobile-\"><h1 class=\"ekit-heading--title elementskit-section-title \">External cooperation<\/h1><\/div><\/div>\t\t\t\t<\/div>\n\t\t\t\t<\/div>\n\t\t\t\t\t<\/div>\n\t\t<\/div>\n\t\t\t\t\t<\/div>\n\t\t<\/section>\n\t\t\t\t<section class=\"elementor-section elementor-top-section elementor-element elementor-element-4f6e0e20 elementor-section-boxed elementor-section-height-default elementor-section-height-default\" data-id=\"4f6e0e20\" data-element_type=\"section\" data-e-type=\"section\" id=\"broker\" data-settings=\"{&quot;background_background&quot;:&quot;classic&quot;}\">\n\t\t\t\t\t\t<div class=\"elementor-container elementor-column-gap-default\">\n\t\t\t\t\t<div class=\"elementor-column elementor-col-100 elementor-top-column elementor-element elementor-element-392a41e0\" data-id=\"392a41e0\" data-element_type=\"column\" data-e-type=\"column\">\n\t\t\t<div class=\"elementor-widget-wrap elementor-element-populated\">\n\t\t\t\t\t\t<div class=\"elementor-element elementor-element-7e045880 elementor-invisible elementor-widget elementor-widget-heading\" data-id=\"7e045880\" data-element_type=\"widget\" data-e-type=\"widget\" data-settings=\"{&quot;_animation&quot;:&quot;fadeInUp&quot;,&quot;_animation_delay&quot;:200}\" data-widget_type=\"heading.default\">\n\t\t\t\t<div class=\"elementor-widget-container\">\n\t\t\t\t\t<h3 class=\"elementor-heading-title elementor-size-default\">Broker-dealer firms<\/h3>\t\t\t\t<\/div>\n\t\t\t\t<\/div>\n\t\t\t\t<div class=\"elementor-element elementor-element-15417fb elementor-widget-mobile__width-inherit elementor-widget elementor-widget-text-editor\" data-id=\"15417fb\" data-element_type=\"widget\" data-e-type=\"widget\" data-widget_type=\"text-editor.default\">\n\t\t\t\t<div class=\"elementor-widget-container\">\n\t\t\t\t\t\t\t\t\t<p style=\"font-weight: 400;\">The Management Company has concluded brokerage agreements for securities trading\/providing investment and additional services with the following broker-dealer firms:<\/p><ul style=\"font-weight: 400;\"><li>Dunav Stockbroker a.d., 7\/VII Kolar\u010deva St, 11000 Belgrade<\/li><\/ul><p style=\"font-weight: 400;\">Number and date of the decision issuing securities operations license: 5\/0-03-1998\/6-12 dated July 16th, 2012.<\/p><p style=\"font-weight: 400;\">Date of conclusion of agreement with the Company: February 26th, 2024.<\/p><ul style=\"font-weight: 400;\"><li>Erste Bank a.d, 5 Bulevar oslobo\u0111enja, 21000 Novi Sad<\/li><\/ul><p style=\"font-weight: 400;\">Number and date of the decision issuing securities operations license: 5\/0-46-1860\/5-12 dated September 27th, 2012.<\/p><p style=\"font-weight: 400;\">Date of conclusion of agreement with the Company: December 18th, 2023.<\/p><ul style=\"font-weight: 400;\"><li>OTP banka Srbija a.d., 50a\/b Bulevar Zorana \u0110in\u0111i\u0107a, 11070 Novi Beograd<\/li><\/ul><p style=\"font-weight: 400;\">Number and date of the decision issuing securities operations license: 5\/0-46-2017\/10-12 dated November 29th, 2012.<\/p><p style=\"font-weight: 400;\">Date of conclusion of agreement with the Company: September 16th, 2024.<\/p><ul><li>Momentum securities a.d, Futo\u0161ka 1a, 21000 Novi Sad<\/li><\/ul><p>Number and date of the decision issuing securities operations license: 5\/0-03-2039\/7-12 dated July 16th, 2012.<\/p><p>Date of conclusion of agreement with the Company: dated February 12th, 2025.<\/p>\t\t\t\t\t\t\t\t<\/div>\n\t\t\t\t<\/div>\n\t\t\t\t\t<\/div>\n\t\t<\/div>\n\t\t\t\t\t<\/div>\n\t\t<\/section>\n\t\t\t\t<section class=\"elementor-section elementor-top-section elementor-element elementor-element-f2159fa elementor-hidden-mobile elementor-section-boxed elementor-section-height-default elementor-section-height-default\" data-id=\"f2159fa\" data-element_type=\"section\" data-e-type=\"section\" id=\"distributors\" data-settings=\"{&quot;background_background&quot;:&quot;classic&quot;}\">\n\t\t\t\t\t\t<div class=\"elementor-container elementor-column-gap-default\">\n\t\t\t\t\t<div class=\"elementor-column elementor-col-100 elementor-top-column elementor-element elementor-element-7eb147d\" data-id=\"7eb147d\" data-element_type=\"column\" data-e-type=\"column\">\n\t\t\t<div class=\"elementor-widget-wrap elementor-element-populated\">\n\t\t\t\t\t\t<div class=\"elementor-element elementor-element-8f4882c elementor-invisible elementor-widget elementor-widget-heading\" data-id=\"8f4882c\" data-element_type=\"widget\" data-e-type=\"widget\" data-settings=\"{&quot;_animation&quot;:&quot;fadeInUp&quot;,&quot;_animation_delay&quot;:200}\" data-widget_type=\"heading.default\">\n\t\t\t\t<div class=\"elementor-widget-container\">\n\t\t\t\t\t<h3 class=\"elementor-heading-title elementor-size-default\">Distributors<\/h3>\t\t\t\t<\/div>\n\t\t\t\t<\/div>\n\t\t\t\t<div class=\"elementor-element elementor-element-9e5ae57 elementor-widget-mobile__width-inherit elementor-widget elementor-widget-text-editor\" data-id=\"9e5ae57\" data-element_type=\"widget\" data-e-type=\"widget\" data-widget_type=\"text-editor.default\">\n\t\t\t\t<div class=\"elementor-widget-container\">\n\t\t\t\t\t\t\t\t\t<p>Banka Po\u0161tanska \u0161tedionica ad Beograd<\/p><p><span dir=\"ltr\" role=\"presentation\">Kraljice Marije 3, Beograd<\/span><br role=\"presentation\" \/><span dir=\"ltr\" role=\"presentation\">Mati\u010dni broj: 07004893<\/span><br role=\"presentation\" \/><span dir=\"ltr\" role=\"presentation\">PIB: 100002549<\/span><\/p><p><span dir=\"ltr\" role=\"presentation\">The Agreement on the Provision of Services for the Distribution of Investment Units<\/span><br role=\"presentation\" \/><span dir=\"ltr\" role=\"presentation\">of the Funds Managed by the Management Company was entered into in Belgrade<\/span><br role=\"presentation\" \/><span dir=\"ltr\" role=\"presentation\">on <\/span><span dir=\"ltr\" role=\"presentation\">November 14<\/span><span dir=\"ltr\" role=\"presentation\">th<\/span> <span dir=\"ltr\" role=\"presentation\">, 2024.<\/span><\/p>\t\t\t\t\t\t\t\t<\/div>\n\t\t\t\t<\/div>\n\t\t\t\t\t<\/div>\n\t\t<\/div>\n\t\t\t\t\t<\/div>\n\t\t<\/section>\n\t\t\t\t<section class=\"elementor-section elementor-top-section elementor-element elementor-element-d88341c elementor-section-boxed elementor-section-height-default elementor-section-height-default\" data-id=\"d88341c\" data-element_type=\"section\" data-e-type=\"section\" id=\"outsourcing\" data-settings=\"{&quot;background_background&quot;:&quot;classic&quot;}\">\n\t\t\t\t\t\t<div class=\"elementor-container elementor-column-gap-default\">\n\t\t\t\t\t<div class=\"elementor-column elementor-col-100 elementor-top-column elementor-element elementor-element-fd3cc54\" data-id=\"fd3cc54\" data-element_type=\"column\" data-e-type=\"column\">\n\t\t\t<div class=\"elementor-widget-wrap elementor-element-populated\">\n\t\t\t\t\t\t<div class=\"elementor-element elementor-element-dcd19f5 elementor-invisible elementor-widget elementor-widget-heading\" data-id=\"dcd19f5\" data-element_type=\"widget\" data-e-type=\"widget\" data-settings=\"{&quot;_animation&quot;:&quot;fadeInUp&quot;,&quot;_animation_delay&quot;:200}\" data-widget_type=\"heading.default\">\n\t\t\t\t<div class=\"elementor-widget-container\">\n\t\t\t\t\t<h3 class=\"elementor-heading-title elementor-size-default\">Delegated tasks<\/h3>\t\t\t\t<\/div>\n\t\t\t\t<\/div>\n\t\t\t\t<div class=\"elementor-element elementor-element-c1710ba elementor-widget-mobile__width-inherit elementor-widget elementor-widget-text-editor\" data-id=\"c1710ba\" data-element_type=\"widget\" data-e-type=\"widget\" data-widget_type=\"text-editor.default\">\n\t\t\t\t<div class=\"elementor-widget-container\">\n\t\t\t\t\t\t\t\t\t<h4>Internal audit consulting services<\/h4>\t\t\t\t\t\t\t\t<\/div>\n\t\t\t\t<\/div>\n\t\t\t\t<div class=\"elementor-element elementor-element-8170199 elementor-widget-mobile__width-inherit elementor-widget elementor-widget-text-editor\" data-id=\"8170199\" data-element_type=\"widget\" data-e-type=\"widget\" data-widget_type=\"text-editor.default\">\n\t\t\t\t<div class=\"elementor-widget-container\">\n\t\t\t\t\t\t\t\t\t<p>Vista Rica ad Beograd\u00a0 Management Company has concluded a consulting services agreement with the consulting and auditing company KPMG doo.<\/p><p>DRU\u0160TVO ZA KONSALTING I REVIZIJU KPMG DRU\u0160TVO SA OGRANI\u010cENOM ODGOVORNO\u0160\u0106U BEOGRAD,<\/p><p>1J Milutina Milankovi\u0107a St, Novi Beograd.<br \/>Reg. number: 17148656<br \/>TIN: 100058593<\/p><p>Consulting services agreement no. 404 was made and entered into in Belgrade on August 9th, 2024.<\/p><p>Consulting services agreement no. 49 was made and entered into in Belgrade on May 6th, 2025.<\/p>\t\t\t\t\t\t\t\t<\/div>\n\t\t\t\t<\/div>\n\t\t\t\t<div class=\"elementor-element elementor-element-bba06da elementor-widget-mobile__width-inherit elementor-widget elementor-widget-text-editor\" data-id=\"bba06da\" data-element_type=\"widget\" data-e-type=\"widget\" data-widget_type=\"text-editor.default\">\n\t\t\t\t<div class=\"elementor-widget-container\">\n\t\t\t\t\t\t\t\t\t<h4><span class=\"notion-enable-hover\" data-token-index=\"0\">Occupational Safety, Health, and Fire Protection Services<\/span><\/h4>\t\t\t\t\t\t\t\t<\/div>\n\t\t\t\t<\/div>\n\t\t\t\t<div class=\"elementor-element elementor-element-3e0b06d elementor-widget-mobile__width-inherit elementor-widget elementor-widget-text-editor\" data-id=\"3e0b06d\" data-element_type=\"widget\" data-e-type=\"widget\" data-widget_type=\"text-editor.default\">\n\t\t\t\t<div class=\"elementor-widget-container\">\n\t\t\t\t\t\t\t\t\t<p>Vista Rica a.d. Belgrade has entered into an Agreement on the provision of occupational safety, health, and fire protection services with the company:<\/p><p>SFINGA-PRO DOO<\/p><p>Address: Milorada Bate Mihailovi\u0107a 26, Pan\u010devo<br \/>Company ID: 20007621<br \/>Tax ID: 103750922<\/p><p>Agreement No. 194\/2025 was concluded in Belgrade on September 24, 2025.<\/p>\t\t\t\t\t\t\t\t<\/div>\n\t\t\t\t<\/div>\n\t\t\t\t<div class=\"elementor-element elementor-element-6644808 elementor-widget-mobile__width-inherit elementor-widget elementor-widget-text-editor\" data-id=\"6644808\" data-element_type=\"widget\" data-e-type=\"widget\" data-widget_type=\"text-editor.default\">\n\t\t\t\t<div class=\"elementor-widget-container\">\n\t\t\t\t\t\t\t\t\t<h4><span class=\"notion-enable-hover\" data-token-index=\"0\">IT Services<\/span><br \/><\/h4>\t\t\t\t\t\t\t\t<\/div>\n\t\t\t\t<\/div>\n\t\t\t\t<div class=\"elementor-element elementor-element-0a67221 elementor-widget-mobile__width-inherit elementor-widget elementor-widget-text-editor\" data-id=\"0a67221\" data-element_type=\"widget\" data-e-type=\"widget\" data-widget_type=\"text-editor.default\">\n\t\t\t\t<div class=\"elementor-widget-container\">\n\t\t\t\t\t\t\t\t\t<p>Vista Rica a.d. Belgrade has entered into a Software Implementation Agreement with the company:<\/p><p>STINGA SOFTWARE DOO<br \/>Address: Lani\u0161te 24, Zagreb, Croatia<br \/>OIB: 09857210668<\/p><p>Software Implementation Agreement No. 23-005 was concluded on November 24, 2023, while Annex to the Agreement No. 23-006 was concluded on September 24, 2025.<\/p>\t\t\t\t\t\t\t\t<\/div>\n\t\t\t\t<\/div>\n\t\t\t\t\t<\/div>\n\t\t<\/div>\n\t\t\t\t\t<\/div>\n\t\t<\/section>\n\t\t\t\t<section class=\"elementor-section elementor-top-section elementor-element elementor-element-9dcd3cf elementor-section-boxed elementor-section-height-default elementor-section-height-default\" data-id=\"9dcd3cf\" data-element_type=\"section\" data-e-type=\"section\" id=\"auditors\" data-settings=\"{&quot;background_background&quot;:&quot;classic&quot;}\">\n\t\t\t\t\t\t<div class=\"elementor-container elementor-column-gap-default\">\n\t\t\t\t\t<div class=\"elementor-column elementor-col-100 elementor-top-column elementor-element elementor-element-8540b23\" data-id=\"8540b23\" data-element_type=\"column\" data-e-type=\"column\">\n\t\t\t<div class=\"elementor-widget-wrap elementor-element-populated\">\n\t\t\t\t\t\t<div class=\"elementor-element elementor-element-62af5da elementor-invisible elementor-widget elementor-widget-heading\" data-id=\"62af5da\" data-element_type=\"widget\" data-e-type=\"widget\" data-settings=\"{&quot;_animation&quot;:&quot;fadeInUp&quot;,&quot;_animation_delay&quot;:200}\" data-widget_type=\"heading.default\">\n\t\t\t\t<div class=\"elementor-widget-container\">\n\t\t\t\t\t<h3 class=\"elementor-heading-title elementor-size-default\">External Auditors<\/h3>\t\t\t\t<\/div>\n\t\t\t\t<\/div>\n\t\t\t\t<div class=\"elementor-element elementor-element-46678ba elementor-widget-mobile__width-inherit elementor-widget elementor-widget-text-editor\" data-id=\"46678ba\" data-element_type=\"widget\" data-e-type=\"widget\" data-widget_type=\"text-editor.default\">\n\t\t\t\t<div class=\"elementor-widget-container\">\n\t\t\t\t\t\t\t\t\t<p>The audit and consulting company PKF doo, 5\/III Palmira Toljatija St, Belgrade, performs the external audit of the financial statements of the Company and the funds managed by the Company..<\/p><p>Reg. number: 08752524<br \/>Reg. number (in the BRA register): BD51249\/2014<br \/>TIN: 102397694<\/p><p>License for performing audit services: <br \/>Decision No. 401-00-1592\/2014-16 dated July 9, 2014.<\/p><p>The Agreement No. 174\/25 on the provision of external audit services of the financial statements of Vista Rica a.d. Belgrade, the management company for open-end investment funds with a public offering and alternative investment funds, as well as the financial statements of the alternative investment funds Vista Rica Invest and Vista Rica Corporate, and the UCITS funds Vista Cash and Vista Euro Cash, was concluded in Belgrade on September 2, 2025.<\/p>\t\t\t\t\t\t\t\t<\/div>\n\t\t\t\t<\/div>\n\t\t\t\t\t<\/div>\n\t\t<\/div>\n\t\t\t\t\t<\/div>\n\t\t<\/section>\n\t\t\t\t<section class=\"elementor-section elementor-top-section elementor-element elementor-element-ff8c50b elementor-section-boxed elementor-section-height-default elementor-section-height-default\" data-id=\"ff8c50b\" data-element_type=\"section\" data-e-type=\"section\" data-settings=\"{&quot;background_background&quot;:&quot;classic&quot;}\">\n\t\t\t\t\t\t<div class=\"elementor-container elementor-column-gap-default\">\n\t\t\t\t\t<div class=\"elementor-column elementor-col-100 elementor-top-column elementor-element elementor-element-f6f0638\" data-id=\"f6f0638\" data-element_type=\"column\" data-e-type=\"column\">\n\t\t\t<div class=\"elementor-widget-wrap elementor-element-populated\">\n\t\t\t\t\t\t<div class=\"elementor-element elementor-element-66aeb2d elementor-invisible elementor-widget elementor-widget-heading\" data-id=\"66aeb2d\" data-element_type=\"widget\" data-e-type=\"widget\" data-settings=\"{&quot;_animation&quot;:&quot;fadeInUp&quot;,&quot;_animation_delay&quot;:200}\" data-widget_type=\"heading.default\">\n\t\t\t\t<div class=\"elementor-widget-container\">\n\t\t\t\t\t<h3 class=\"elementor-heading-title elementor-size-default\">Legal services<\/h3>\t\t\t\t<\/div>\n\t\t\t\t<\/div>\n\t\t\t\t<div class=\"elementor-element elementor-element-fc07b4d elementor-widget-mobile__width-inherit elementor-widget elementor-widget-text-editor\" data-id=\"fc07b4d\" data-element_type=\"widget\" data-e-type=\"widget\" data-widget_type=\"text-editor.default\">\n\t\t\t\t<div class=\"elementor-widget-container\">\n\t\t\t\t\t\t\t\t\t<p style=\"font-weight: 400;\">Vista Rica ad Beograd\u00a0 Management Company has concluded an Agreement for the provision of legal services with Aleksi\u0107 and Associates Joint Law Office, Novi Sad.<\/p><p style=\"font-weight: 400;\">Aleksi\u0107 and Associates Joint Law Office, Novi Sad,<\/p><p style=\"font-weight: 400;\">1 Gr\u010dko\u0161kolska St, Novi Sad<\/p><p style=\"font-weight: 400;\">Reg. number: 56362525<\/p><p style=\"font-weight: 400;\">TIN: 101702328<\/p><p style=\"font-weight: 400;\">The Agreement for the provision of legal services was made and entered into in Belgrade on February 1st, 2024.<\/p>\t\t\t\t\t\t\t\t<\/div>\n\t\t\t\t<\/div>\n\t\t\t\t\t<\/div>\n\t\t<\/div>\n\t\t\t\t\t<\/div>\n\t\t<\/section>\n\t\t\t\t<section class=\"elementor-section elementor-top-section elementor-element elementor-element-16cd6601 elementor-section-boxed elementor-section-height-default elementor-section-height-default\" data-id=\"16cd6601\" data-element_type=\"section\" data-e-type=\"section\" data-settings=\"{&quot;background_background&quot;:&quot;classic&quot;}\">\n\t\t\t\t\t\t\t<div class=\"elementor-background-overlay\"><\/div>\n\t\t\t\t\t\t\t<div class=\"elementor-container elementor-column-gap-default\">\n\t\t\t\t\t<div class=\"elementor-column elementor-col-50 elementor-top-column elementor-element elementor-element-718bc095\" data-id=\"718bc095\" data-element_type=\"column\" data-e-type=\"column\">\n\t\t\t<div class=\"elementor-widget-wrap\">\n\t\t\t\t\t\t\t<\/div>\n\t\t<\/div>\n\t\t\t\t<div class=\"elementor-column elementor-col-50 elementor-top-column elementor-element elementor-element-58de005\" data-id=\"58de005\" data-element_type=\"column\" data-e-type=\"column\">\n\t\t\t<div class=\"elementor-widget-wrap elementor-element-populated\">\n\t\t\t\t\t\t<div class=\"elementor-element elementor-element-1485a4fe elementor-invisible elementor-widget elementor-widget-heading\" data-id=\"1485a4fe\" data-element_type=\"widget\" data-e-type=\"widget\" data-settings=\"{&quot;_animation&quot;:&quot;fadeInUp&quot;}\" data-widget_type=\"heading.default\">\n\t\t\t\t<div class=\"elementor-widget-container\">\n\t\t\t\t\t<h2 class=\"elementor-heading-title elementor-size-default\">Contact us<\/h2>\t\t\t\t<\/div>\n\t\t\t\t<\/div>\n\t\t\t\t<div class=\"elementor-element elementor-element-7db427e8 elementor-invisible elementor-widget elementor-widget-heading\" data-id=\"7db427e8\" data-element_type=\"widget\" data-e-type=\"widget\" data-settings=\"{&quot;_animation&quot;:&quot;fadeInUp&quot;,&quot;_animation_delay&quot;:200}\" data-widget_type=\"heading.default\">\n\t\t\t\t<div class=\"elementor-widget-container\">\n\t\t\t\t\t<h3 class=\"elementor-heading-title elementor-size-default\">Schedule a consultation<\/h3>\t\t\t\t<\/div>\n\t\t\t\t<\/div>\n\t\t\t\t<div class=\"elementor-element elementor-element-5b7193a7 elementor-widget elementor-widget-text-editor\" data-id=\"5b7193a7\" data-element_type=\"widget\" data-e-type=\"widget\" data-widget_type=\"text-editor.default\">\n\t\t\t\t<div class=\"elementor-widget-container\">\n\t\t\t\t\t\t\t\t\t<p>Please do not hesitate to contact us with any questions or concerns.<\/p>\n\t\t\t\t\t\t\t\t<\/div>\n\t\t\t\t<\/div>\n\t\t\t\t<div class=\"elementor-element elementor-element-67aeec9 elementor-widget elementor-widget-button\" data-id=\"67aeec9\" data-element_type=\"widget\" data-e-type=\"widget\" data-widget_type=\"button.default\">\n\t\t\t\t<div class=\"elementor-widget-container\">\n\t\t\t\t\t\t\t\t\t<div class=\"elementor-button-wrapper\">\n\t\t\t\t\t<a class=\"elementor-button elementor-button-link elementor-size-sm elementor-animation-float\" href=\"https:\/\/vistarica.internal.in.rs\/en\/contact\/\">\n\t\t\t\t\t\t<span class=\"elementor-button-content-wrapper\">\n\t\t\t\t\t\t<span class=\"elementor-button-icon\">\n\t\t\t\t<i aria-hidden=\"true\" class=\"icon icon-arrow-right\"><\/i>\t\t\t<\/span>\n\t\t\t\t\t\t\t\t\t<span class=\"elementor-button-text\">Read more<\/span>\n\t\t\t\t\t<\/span>\n\t\t\t\t\t<\/a>\n\t\t\t\t<\/div>\n\t\t\t\t\t\t\t\t<\/div>\n\t\t\t\t<\/div>\n\t\t\t\t\t<\/div>\n\t\t<\/div>\n\t\t\t\t\t<\/div>\n\t\t<\/section>\n\t\t\t\t<\/div>\n\t\t","protected":false},"excerpt":{"rendered":"<p>Broker-dealer firms The Management Company has concluded brokerage agreements for securities trading\/providing investment and additional services with the following broker-dealer firms: Dunav Stockbroker a.d., 7\/VII Kolar\u010deva St, 11000 Belgrade Number and date of the decision issuing securities operations license: 5\/0-03-1998\/6-12 dated July 16th, 2012. Date of conclusion of agreement with the Company: February 26th, 2024. [&hellip;]<\/p>\n","protected":false},"author":1,"featured_media":2960,"parent":0,"menu_order":0,"comment_status":"closed","ping_status":"closed","template":"elementor_header_footer","meta":{"footnotes":""},"class_list":["post-3090","page","type-page","status-publish","has-post-thumbnail","hentry"],"_links":{"self":[{"href":"https:\/\/vistarica.internal.in.rs\/en\/wp-json\/wp\/v2\/pages\/3090","targetHints":{"allow":["GET"]}}],"collection":[{"href":"https:\/\/vistarica.internal.in.rs\/en\/wp-json\/wp\/v2\/pages"}],"about":[{"href":"https:\/\/vistarica.internal.in.rs\/en\/wp-json\/wp\/v2\/types\/page"}],"author":[{"embeddable":true,"href":"https:\/\/vistarica.internal.in.rs\/en\/wp-json\/wp\/v2\/users\/1"}],"replies":[{"embeddable":true,"href":"https:\/\/vistarica.internal.in.rs\/en\/wp-json\/wp\/v2\/comments?post=3090"}],"version-history":[{"count":75,"href":"https:\/\/vistarica.internal.in.rs\/en\/wp-json\/wp\/v2\/pages\/3090\/revisions"}],"predecessor-version":[{"id":11785,"href":"https:\/\/vistarica.internal.in.rs\/en\/wp-json\/wp\/v2\/pages\/3090\/revisions\/11785"}],"wp:featuredmedia":[{"embeddable":true,"href":"https:\/\/vistarica.internal.in.rs\/en\/wp-json\/wp\/v2\/media\/2960"}],"wp:attachment":[{"href":"https:\/\/vistarica.internal.in.rs\/en\/wp-json\/wp\/v2\/media?parent=3090"}],"curies":[{"name":"wp","href":"https:\/\/api.w.org\/{rel}","templated":true}]}}